{"id":11157,"date":"2025-04-08T08:25:31","date_gmt":"2025-04-08T08:25:31","guid":{"rendered":"https:\/\/www.sienna-im.com\/?page_id=11157"},"modified":"2026-02-18T16:18:25","modified_gmt":"2026-02-18T16:18:25","slug":"souverainete-defense-strategie","status":"publish","type":"page","link":"https:\/\/www.sienna-im.com\/fr\/souverainete-defense-strategie\/","title":{"rendered":"S\u00e9curiser l&rsquo;avenir : Il n\u2019y a pas de durabilit\u00e9 sans paix et pas de paix sans capacit\u00e9 de la d\u00e9fendre"},"content":{"rendered":"<p>L\u2019intensification des conflits et des tensions g\u00e9opolitiques aux portes de l\u2019Union europ\u00e9enne entra\u00eene une hausse significative des besoins militaires et des d\u00e9penses de d\u00e9fense. Pas loin de 1000 milliards d\u2019euros ont \u00e9t\u00e9 annonc\u00e9s dans le cadre du plan Rearm Europe pour reconstituer un outil de d\u00e9fense \u00e0 la hauteur des nouveaux d\u00e9fis. Apr\u00e8s 30 ans de sous-investissement, l\u2019Europe doit renforcer son autonomie strat\u00e9gique, en acc\u00e9l\u00e9rant la production et en modernisant ses \u00e9quipements. La reconstitution des stocks est devenue une priorit\u00e9 face \u00e0 la hausse des commandes et aux d\u00e9fis des cha\u00eenes d\u2019approvisionnement fragment\u00e9es. La s\u00e9curisation des approvisionnements et la r\u00e9duction des d\u00e9pendances aux importations sont essentielles pour garantir la r\u00e9silience industrielle.<\/p>\n<p>En parall\u00e8le, la coop\u00e9ration europ\u00e9enne se renforce, avec des initiatives communes, comme le Fonds europ\u00e9en de la d\u00e9fense et la strat\u00e9gie industrielle de d\u00e9fense europ\u00e9enne. Soutenir les sous-traitants des grands groupes industriels de l\u2019\u00e9cosyst\u00e8me de la d\u00e9fense, c\u2019est assurer la capacit\u00e9 de d\u00e9fense et la p\u00e9rennit\u00e9 de la paix sur le continent.<\/p>\n<p><a class=\"btn\" href=\"https:\/\/www.sienna-im.com\/fr\/news\/communique-de-presse\/\">En savoir plus<\/a><\/p>\n","protected":false},"excerpt":{"rendered":"<p>L\u2019intensification des conflits et des tensions g\u00e9opolitiques aux portes de l\u2019Union europ\u00e9enne entra\u00eene une hausse significative des besoins militaires et [&hellip;]<\/p>\n","protected":false},"author":1,"featured_media":11546,"parent":0,"menu_order":0,"comment_status":"closed","ping_status":"closed","template":"","meta":{"_acf_changed":false,"footnotes":""},"class_list":["post-11157","page","type-page","status-publish","has-post-thumbnail","hentry"],"acf":[],"_links":{"self":[{"href":"https:\/\/www.sienna-im.com\/fr\/wp-json\/wp\/v2\/pages\/11157","targetHints":{"allow":["GET"]}}],"collection":[{"href":"https:\/\/www.sienna-im.com\/fr\/wp-json\/wp\/v2\/pages"}],"about":[{"href":"https:\/\/www.sienna-im.com\/fr\/wp-json\/wp\/v2\/types\/page"}],"author":[{"embeddable":true,"href":"https:\/\/www.sienna-im.com\/fr\/wp-json\/wp\/v2\/users\/1"}],"replies":[{"embeddable":true,"href":"https:\/\/www.sienna-im.com\/fr\/wp-json\/wp\/v2\/comments?post=11157"}],"version-history":[{"count":11,"href":"https:\/\/www.sienna-im.com\/fr\/wp-json\/wp\/v2\/pages\/11157\/revisions"}],"predecessor-version":[{"id":16443,"href":"https:\/\/www.sienna-im.com\/fr\/wp-json\/wp\/v2\/pages\/11157\/revisions\/16443"}],"wp:featuredmedia":[{"embeddable":true,"href":"https:\/\/www.sienna-im.com\/fr\/wp-json\/wp\/v2\/media\/11546"}],"wp:attachment":[{"href":"https:\/\/www.sienna-im.com\/fr\/wp-json\/wp\/v2\/media?parent=11157"}],"curies":[{"name":"wp","href":"https:\/\/api.w.org\/{rel}","templated":true}]}}