{"id":11785,"date":"2025-05-19T15:02:39","date_gmt":"2025-05-19T15:02:39","guid":{"rendered":"https:\/\/www.sienna-im.com\/?page_id=11785"},"modified":"2026-04-10T12:58:07","modified_gmt":"2026-04-10T12:58:07","slug":"biodiversite","status":"publish","type":"page","link":"https:\/\/www.sienna-im.com\/fr\/biodiversite\/","title":{"rendered":"La biodiversit\u00e9, un enjeu environnemental cl\u00e9"},"content":{"rendered":"<p>La biodiversit\u00e9 est la pierre angulaire de notre \u00e9conomie et de notre soci\u00e9t\u00e9. Elle se d\u00e9finit comme la diversit\u00e9 entre les esp\u00e8ces, au sein des esp\u00e8ces, des \u00e9cosyst\u00e8mes et de leurs interactions. La biodiversit\u00e9 et les bienfaits de la nature pour l&rsquo;humanit\u00e9 influencent presque tous les aspects du d\u00e9veloppement humain et sont essentiels \u00e0 la r\u00e9alisation des Objectifs de d\u00e9veloppement durable (ODD) des Nations Unies. Ils contribuent \u00e0 la production alimentaire, \u00e0 la purification de l&rsquo;eau, \u00e0 la r\u00e9gulation du climat et au contr\u00f4le des maladies, appel\u00e9s services \u00e9cosyst\u00e9miques.<\/p>\n<p>&nbsp;<\/p>\n<p><a class=\"btn\" href=\"https:\/\/www.sienna-im.com\/wp-content\/uploads\/2025\/09\/livre_blanc_2025_web_2_compressed.pdf\">D\u00e9couvrez notre livre blanc<\/a><\/p>\n","protected":false},"excerpt":{"rendered":"<p>La biodiversit\u00e9 est la pierre angulaire de notre \u00e9conomie et de notre soci\u00e9t\u00e9. Elle se d\u00e9finit comme la diversit\u00e9 entre [&hellip;]<\/p>\n","protected":false},"author":2,"featured_media":11795,"parent":0,"menu_order":0,"comment_status":"closed","ping_status":"closed","template":"","meta":{"_acf_changed":false,"footnotes":""},"class_list":["post-11785","page","type-page","status-publish","has-post-thumbnail","hentry"],"acf":[],"_links":{"self":[{"href":"https:\/\/www.sienna-im.com\/fr\/wp-json\/wp\/v2\/pages\/11785","targetHints":{"allow":["GET"]}}],"collection":[{"href":"https:\/\/www.sienna-im.com\/fr\/wp-json\/wp\/v2\/pages"}],"about":[{"href":"https:\/\/www.sienna-im.com\/fr\/wp-json\/wp\/v2\/types\/page"}],"author":[{"embeddable":true,"href":"https:\/\/www.sienna-im.com\/fr\/wp-json\/wp\/v2\/users\/2"}],"replies":[{"embeddable":true,"href":"https:\/\/www.sienna-im.com\/fr\/wp-json\/wp\/v2\/comments?post=11785"}],"version-history":[{"count":10,"href":"https:\/\/www.sienna-im.com\/fr\/wp-json\/wp\/v2\/pages\/11785\/revisions"}],"predecessor-version":[{"id":16757,"href":"https:\/\/www.sienna-im.com\/fr\/wp-json\/wp\/v2\/pages\/11785\/revisions\/16757"}],"wp:featuredmedia":[{"embeddable":true,"href":"https:\/\/www.sienna-im.com\/fr\/wp-json\/wp\/v2\/media\/11795"}],"wp:attachment":[{"href":"https:\/\/www.sienna-im.com\/fr\/wp-json\/wp\/v2\/media?parent=11785"}],"curies":[{"name":"wp","href":"https:\/\/api.w.org\/{rel}","templated":true}]}}