{"id":12507,"date":"2025-08-05T12:22:28","date_gmt":"2025-08-05T12:22:28","guid":{"rendered":"https:\/\/www.sienna-im.com\/?page_id=12507"},"modified":"2025-12-09T10:05:32","modified_gmt":"2025-12-09T10:05:32","slug":"investir-dans-la-souverainete-europeenne","status":"publish","type":"page","link":"https:\/\/www.sienna-im.com\/fr\/investir-dans-la-souverainete-europeenne\/","title":{"rendered":"Investir dans la souverainet\u00e9 europ\u00e9enne"},"content":{"rendered":"<p><em>\u00ab\u00a0La souverainet\u00e9 europ\u00e9enne ne consiste pas \u00e0 retirer du pouvoir aux \u00c9tats, mais \u00e0 en redonner \u00e0 l\u2019Europe\u00a0\u00bb.<\/em><\/p>\n<p>Dans un contexte de fortes tensions g\u00e9opolitiques, d\u2019avanc\u00e9es technologiques fulgurantes et de ruptures des cha\u00eenes d\u2019approvisionnement, l\u2019Europe ne peut plus se contenter d\u2019un r\u00f4le d\u2019arbitre. Elle doit redevenir actrice. Investir dans la souverainet\u00e9 europ\u00e9enne, c\u2019est faire le choix d\u2019un mod\u00e8le qui prot\u00e8ge nos citoyens, valorise notre capacit\u00e9 d\u2019innovation et renforce notre autonomie \u00e9nerg\u00e9tique, technologique et industrielle. C\u2019est permettre \u00e0 nos entreprises, PME, ETI et grands groupes, de faire \u00e9merger des solutions concr\u00e8tes face aux d\u00e9fis de demain.<\/p>\n<p><br data-start=\"768\" data-end=\"771\" \/>Parce que la souverainet\u00e9 n\u2019est pas un retour en arri\u00e8re, mais un v\u00e9ritable levier de progr\u00e8s, il est temps de d\u00e9cider, de prot\u00e9ger et d\u2019investir ensemble pour b\u00e2tir une Europe plus r\u00e9siliente, plus ambitieuse et tourn\u00e9e vers l\u2019avenir.<\/p>\n<p><a class=\"btn\" href=\"https:\/\/www.sienna-im.com\/wp-content\/uploads\/2025\/09\/sienna-lb-souverainete-web-pages-commerciaux-250910-1.pdf\">\u202fT\u00e9l\u00e9chargez notre livre blanc sur la souverainet\u00e9<\/a><\/p>\n","protected":false},"excerpt":{"rendered":"<p>\u00ab\u00a0La souverainet\u00e9 europ\u00e9enne ne consiste pas \u00e0 retirer du pouvoir aux \u00c9tats, mais \u00e0 en redonner \u00e0 l\u2019Europe\u00a0\u00bb. Dans un [&hellip;]<\/p>\n","protected":false},"author":2,"featured_media":13272,"parent":0,"menu_order":0,"comment_status":"closed","ping_status":"closed","template":"","meta":{"_acf_changed":false,"footnotes":""},"class_list":["post-12507","page","type-page","status-publish","has-post-thumbnail","hentry"],"acf":[],"_links":{"self":[{"href":"https:\/\/www.sienna-im.com\/fr\/wp-json\/wp\/v2\/pages\/12507","targetHints":{"allow":["GET"]}}],"collection":[{"href":"https:\/\/www.sienna-im.com\/fr\/wp-json\/wp\/v2\/pages"}],"about":[{"href":"https:\/\/www.sienna-im.com\/fr\/wp-json\/wp\/v2\/types\/page"}],"author":[{"embeddable":true,"href":"https:\/\/www.sienna-im.com\/fr\/wp-json\/wp\/v2\/users\/2"}],"replies":[{"embeddable":true,"href":"https:\/\/www.sienna-im.com\/fr\/wp-json\/wp\/v2\/comments?post=12507"}],"version-history":[{"count":10,"href":"https:\/\/www.sienna-im.com\/fr\/wp-json\/wp\/v2\/pages\/12507\/revisions"}],"predecessor-version":[{"id":15738,"href":"https:\/\/www.sienna-im.com\/fr\/wp-json\/wp\/v2\/pages\/12507\/revisions\/15738"}],"wp:featuredmedia":[{"embeddable":true,"href":"https:\/\/www.sienna-im.com\/fr\/wp-json\/wp\/v2\/media\/13272"}],"wp:attachment":[{"href":"https:\/\/www.sienna-im.com\/fr\/wp-json\/wp\/v2\/media?parent=12507"}],"curies":[{"name":"wp","href":"https:\/\/api.w.org\/{rel}","templated":true}]}}