{"id":13956,"date":"2025-08-26T09:44:24","date_gmt":"2025-08-26T09:44:24","guid":{"rendered":"https:\/\/www.sienna-im.com\/?page_id=13956"},"modified":"2025-12-18T11:14:51","modified_gmt":"2025-12-18T11:14:51","slug":"investir-dans-leconomie-reelle-soutenir-les-pme-et-eti-europeennes","status":"publish","type":"page","link":"https:\/\/www.sienna-im.com\/fr\/investir-dans-leconomie-reelle-soutenir-les-pme-et-eti-europeennes\/","title":{"rendered":"Investir dans l\u2019\u00e9conomie r\u00e9elle : soutenir les PME et ETI europ\u00e9ennes"},"content":{"rendered":"<h3 data-start=\"407\" data-end=\"462\"><strong data-start=\"410\" data-end=\"460\">Un enjeu strat\u00e9gique pour l\u2019avenir de l\u2019Europe<\/strong><\/h3>\n<p data-start=\"463\" data-end=\"827\"><strong data-start=\"88\" data-end=\"404\">\u00ab Les PME et ETI sont l\u2019\u00e9pine dorsale de l\u2019\u00e9conomie europ\u00e9enne : elles totalisent environ 26,1 millions d\u2019entreprises, emploient environ 83 millions de personnes et g\u00e9n\u00e8rent plusieurs milliers de milliards d\u2019euros de valeur ajout\u00e9e \u2013 soulignant ainsi leur r\u00f4le central dans la r\u00e9silience \u00e9conomique de l\u2019Union. \u00bb<\/strong><br data-start=\"404\" data-end=\"407\" \/><em data-start=\"407\" data-end=\"571\">(Commission europ\u00e9enne, SME Performance Review \u2013 Annual Report on European SMEs 2024\/2025)<\/em><\/p>\n<p data-start=\"829\" data-end=\"1098\">Les crises r\u00e9centes, qu\u2019il s\u2019agisse de la pand\u00e9mie de Covid-19, de la guerre en Ukraine ou encore de l\u2019\u00e9volution de la doctrine am\u00e9ricaine vis-\u00e0-vis de la protection de l\u2019Europe, ont rappel\u00e9 combien ces entreprises sont essentielles \u00e0 la souverainet\u00e9 europ\u00e9enne. Pourtant, leur acc\u00e8s au financement reste limit\u00e9, freinant leur potentiel d\u2019innovation, d\u2019internationalisation et de croissance<\/p>\n","protected":false},"excerpt":{"rendered":"<p>Un enjeu strat\u00e9gique pour l\u2019avenir de l\u2019Europe \u00ab Les PME et ETI sont l\u2019\u00e9pine dorsale de l\u2019\u00e9conomie europ\u00e9enne : elles [&hellip;]<\/p>\n","protected":false},"author":2,"featured_media":15869,"parent":0,"menu_order":0,"comment_status":"closed","ping_status":"closed","template":"","meta":{"_acf_changed":false,"footnotes":""},"class_list":["post-13956","page","type-page","status-publish","has-post-thumbnail","hentry"],"acf":[],"_links":{"self":[{"href":"https:\/\/www.sienna-im.com\/fr\/wp-json\/wp\/v2\/pages\/13956","targetHints":{"allow":["GET"]}}],"collection":[{"href":"https:\/\/www.sienna-im.com\/fr\/wp-json\/wp\/v2\/pages"}],"about":[{"href":"https:\/\/www.sienna-im.com\/fr\/wp-json\/wp\/v2\/types\/page"}],"author":[{"embeddable":true,"href":"https:\/\/www.sienna-im.com\/fr\/wp-json\/wp\/v2\/users\/2"}],"replies":[{"embeddable":true,"href":"https:\/\/www.sienna-im.com\/fr\/wp-json\/wp\/v2\/comments?post=13956"}],"version-history":[{"count":11,"href":"https:\/\/www.sienna-im.com\/fr\/wp-json\/wp\/v2\/pages\/13956\/revisions"}],"predecessor-version":[{"id":15872,"href":"https:\/\/www.sienna-im.com\/fr\/wp-json\/wp\/v2\/pages\/13956\/revisions\/15872"}],"wp:featuredmedia":[{"embeddable":true,"href":"https:\/\/www.sienna-im.com\/fr\/wp-json\/wp\/v2\/media\/15869"}],"wp:attachment":[{"href":"https:\/\/www.sienna-im.com\/fr\/wp-json\/wp\/v2\/media?parent=13956"}],"curies":[{"name":"wp","href":"https:\/\/api.w.org\/{rel}","templated":true}]}}