{"id":1776,"date":"2022-08-30T08:44:23","date_gmt":"2022-08-30T08:44:23","guid":{"rendered":"https:\/\/www.sienna-im.com\/teams\/"},"modified":"2026-04-10T12:47:23","modified_gmt":"2026-04-10T12:47:23","slug":"equipe","status":"publish","type":"page","link":"https:\/\/www.sienna-im.com\/fr\/equipe\/","title":{"rendered":"\u00c9quipe"},"content":{"rendered":"<h2>Notre \u00e9quipe<\/h2>\n<p class=\"intro\">A ce jour, Sienna Investment Managers compte une \u00e9quipe de pr\u00e8s de 110 professionnels et des \u00e9quipes d\u2019investissement sp\u00e9cialis\u00e9es sur diverses classes d\u2019actifs.<\/p>\n","protected":false},"excerpt":{"rendered":"<p>Notre \u00e9quipe A ce jour, Sienna Investment Managers compte une \u00e9quipe de pr\u00e8s de 110 professionnels et des \u00e9quipes d\u2019investissement [&hellip;]<\/p>\n","protected":false},"author":1,"featured_media":0,"parent":0,"menu_order":0,"comment_status":"closed","ping_status":"closed","template":"template-page\/all-teams.php","meta":{"_acf_changed":false,"footnotes":""},"class_list":["post-1776","page","type-page","status-publish","hentry"],"acf":[],"_links":{"self":[{"href":"https:\/\/www.sienna-im.com\/fr\/wp-json\/wp\/v2\/pages\/1776","targetHints":{"allow":["GET"]}}],"collection":[{"href":"https:\/\/www.sienna-im.com\/fr\/wp-json\/wp\/v2\/pages"}],"about":[{"href":"https:\/\/www.sienna-im.com\/fr\/wp-json\/wp\/v2\/types\/page"}],"author":[{"embeddable":true,"href":"https:\/\/www.sienna-im.com\/fr\/wp-json\/wp\/v2\/users\/1"}],"replies":[{"embeddable":true,"href":"https:\/\/www.sienna-im.com\/fr\/wp-json\/wp\/v2\/comments?post=1776"}],"version-history":[{"count":4,"href":"https:\/\/www.sienna-im.com\/fr\/wp-json\/wp\/v2\/pages\/1776\/revisions"}],"predecessor-version":[{"id":16755,"href":"https:\/\/www.sienna-im.com\/fr\/wp-json\/wp\/v2\/pages\/1776\/revisions\/16755"}],"wp:attachment":[{"href":"https:\/\/www.sienna-im.com\/fr\/wp-json\/wp\/v2\/media?parent=1776"}],"curies":[{"name":"wp","href":"https:\/\/api.w.org\/{rel}","templated":true}]}}