{"id":2580,"date":"2022-10-03T14:35:45","date_gmt":"2022-10-03T14:35:45","guid":{"rendered":"https:\/\/sienna.staging03.globulebleu.com\/?page_id=2580"},"modified":"2026-04-10T15:37:59","modified_gmt":"2026-04-10T15:37:59","slug":"societes-affiliees","status":"publish","type":"page","link":"https:\/\/www.sienna-im.com\/fr\/societes-affiliees\/","title":{"rendered":"Soci\u00e9t\u00e9s affili\u00e9es"},"content":{"rendered":"","protected":false},"excerpt":{"rendered":"","protected":false},"author":1,"featured_media":0,"parent":0,"menu_order":0,"comment_status":"closed","ping_status":"closed","template":"","meta":{"_acf_changed":false,"footnotes":""},"class_list":["post-2580","page","type-page","status-publish","hentry"],"acf":[],"_links":{"self":[{"href":"https:\/\/www.sienna-im.com\/fr\/wp-json\/wp\/v2\/pages\/2580","targetHints":{"allow":["GET"]}}],"collection":[{"href":"https:\/\/www.sienna-im.com\/fr\/wp-json\/wp\/v2\/pages"}],"about":[{"href":"https:\/\/www.sienna-im.com\/fr\/wp-json\/wp\/v2\/types\/page"}],"author":[{"embeddable":true,"href":"https:\/\/www.sienna-im.com\/fr\/wp-json\/wp\/v2\/users\/1"}],"replies":[{"embeddable":true,"href":"https:\/\/www.sienna-im.com\/fr\/wp-json\/wp\/v2\/comments?post=2580"}],"version-history":[{"count":10,"href":"https:\/\/www.sienna-im.com\/fr\/wp-json\/wp\/v2\/pages\/2580\/revisions"}],"predecessor-version":[{"id":16758,"href":"https:\/\/www.sienna-im.com\/fr\/wp-json\/wp\/v2\/pages\/2580\/revisions\/16758"}],"wp:attachment":[{"href":"https:\/\/www.sienna-im.com\/fr\/wp-json\/wp\/v2\/media?parent=2580"}],"curies":[{"name":"wp","href":"https:\/\/api.w.org\/{rel}","templated":true}]}}