{"id":6785,"date":"2023-10-18T07:28:35","date_gmt":"2023-10-18T07:28:35","guid":{"rendered":"https:\/\/www.sienna-im.com\/acting-now-with-purpose\/"},"modified":"2026-02-25T13:26:21","modified_gmt":"2026-02-25T13:26:21","slug":"acting-now-with-purpose","status":"publish","type":"page","link":"https:\/\/www.sienna-im.com\/fr\/acting-now-with-purpose\/","title":{"rendered":"Agir d\u00e8s maintenant avec conviction"},"content":{"rendered":"<p>L&rsquo;ADN de Sienna est d&rsquo;agir tout en prot\u00e9geant l&rsquo;avenir. Ainsi, nous sommes pleinement impliqu\u00e9s dans le d\u00e9veloppement de nos diff\u00e9rentes communaut\u00e9s , tant au niveau de notre entreprise que de toutes nos parties prenantes : les entreprises financ\u00e9es, nos clients, les territoires dans lesquels nous investissons et nos \u00e9quipes.<\/p>\n<p>Le r\u00f4le de Sienna est de financer directement l&rsquo;\u00e9conomie avec une vision \u00e0 moyen-long terme, ainsi nous sommes engag\u00e9s aupr\u00e8s des entreprises que nous finan\u00e7ons. Pour ce faire, nous avons d\u00e9velopp\u00e9 une strat\u00e9gie RSE ambitieuse qui s&rsquo;applique tant \u00e0 Sienna qu&rsquo;aux entreprises financ\u00e9es. Nous nous concentrons donc syst\u00e9matiquement sur les d\u00e9fis li\u00e9s au climat, \u00e0 la biodiversit\u00e9 et la diversit\u00e9, \u00e0 l&rsquo;\u00e9quit\u00e9 et \u00e0 l&rsquo;inclusion (DE&amp;I) et nous travaillons \u00e0 la mise en \u0153uvre de solutions concr\u00e8tes.<\/p>\n<p><a class=\"btn intraScroll\" href=\"\/#page-content\">En savoir plus<\/a><\/p>\n","protected":false},"excerpt":{"rendered":"<p>L&rsquo;ADN de Sienna est d&rsquo;agir tout en prot\u00e9geant l&rsquo;avenir. Ainsi, nous sommes pleinement impliqu\u00e9s dans le d\u00e9veloppement de nos diff\u00e9rentes [&hellip;]<\/p>\n","protected":false},"author":1,"featured_media":6824,"parent":0,"menu_order":0,"comment_status":"closed","ping_status":"closed","template":"template-page\/esg.php","meta":{"_acf_changed":false,"footnotes":""},"class_list":["post-6785","page","type-page","status-publish","has-post-thumbnail","hentry"],"acf":[],"_links":{"self":[{"href":"https:\/\/www.sienna-im.com\/fr\/wp-json\/wp\/v2\/pages\/6785","targetHints":{"allow":["GET"]}}],"collection":[{"href":"https:\/\/www.sienna-im.com\/fr\/wp-json\/wp\/v2\/pages"}],"about":[{"href":"https:\/\/www.sienna-im.com\/fr\/wp-json\/wp\/v2\/types\/page"}],"author":[{"embeddable":true,"href":"https:\/\/www.sienna-im.com\/fr\/wp-json\/wp\/v2\/users\/1"}],"replies":[{"embeddable":true,"href":"https:\/\/www.sienna-im.com\/fr\/wp-json\/wp\/v2\/comments?post=6785"}],"version-history":[{"count":11,"href":"https:\/\/www.sienna-im.com\/fr\/wp-json\/wp\/v2\/pages\/6785\/revisions"}],"predecessor-version":[{"id":16507,"href":"https:\/\/www.sienna-im.com\/fr\/wp-json\/wp\/v2\/pages\/6785\/revisions\/16507"}],"wp:featuredmedia":[{"embeddable":true,"href":"https:\/\/www.sienna-im.com\/fr\/wp-json\/wp\/v2\/media\/6824"}],"wp:attachment":[{"href":"https:\/\/www.sienna-im.com\/fr\/wp-json\/wp\/v2\/media?parent=6785"}],"curies":[{"name":"wp","href":"https:\/\/api.w.org\/{rel}","templated":true}]}}