{"id":762,"date":"2022-06-30T12:18:58","date_gmt":"2022-06-30T12:18:58","guid":{"rendered":"https:\/\/www.sienna-im.com\/about\/"},"modified":"2025-06-05T08:19:44","modified_gmt":"2025-06-05T08:19:44","slug":"a-propos-2","status":"publish","type":"page","link":"https:\/\/www.sienna-im.com\/fr\/a-propos-2\/","title":{"rendered":"A propos"},"content":{"rendered":"<h2>Qui sommes-nous ?<\/h2>\n<p class=\"intro\">Sienna Investment Managers est un g\u00e9rant d\u2019actifs pan-europ\u00e9en et multi-expertises de la soci\u00e9t\u00e9 d\u2019investissement cot\u00e9e GBL. Combinant actifs cot\u00e9s et priv\u00e9s, Sienna IM d\u00e9veloppe pour ses clients des solutions personnalis\u00e9es et innovantes, pour donner du sens \u00e0 leurs investissements.<\/p>\n<p>&nbsp;<\/p>\n","protected":false},"excerpt":{"rendered":"<p>Qui sommes-nous ? Sienna Investment Managers est un g\u00e9rant d\u2019actifs pan-europ\u00e9en et multi-expertises de la soci\u00e9t\u00e9 d\u2019investissement cot\u00e9e GBL. Combinant [&hellip;]<\/p>\n","protected":false},"author":1,"featured_media":2080,"parent":0,"menu_order":0,"comment_status":"closed","ping_status":"closed","template":"","meta":{"_acf_changed":false,"footnotes":""},"class_list":["post-762","page","type-page","status-publish","has-post-thumbnail","hentry"],"acf":[],"_links":{"self":[{"href":"https:\/\/www.sienna-im.com\/fr\/wp-json\/wp\/v2\/pages\/762","targetHints":{"allow":["GET"]}}],"collection":[{"href":"https:\/\/www.sienna-im.com\/fr\/wp-json\/wp\/v2\/pages"}],"about":[{"href":"https:\/\/www.sienna-im.com\/fr\/wp-json\/wp\/v2\/types\/page"}],"author":[{"embeddable":true,"href":"https:\/\/www.sienna-im.com\/fr\/wp-json\/wp\/v2\/users\/1"}],"replies":[{"embeddable":true,"href":"https:\/\/www.sienna-im.com\/fr\/wp-json\/wp\/v2\/comments?post=762"}],"version-history":[{"count":11,"href":"https:\/\/www.sienna-im.com\/fr\/wp-json\/wp\/v2\/pages\/762\/revisions"}],"predecessor-version":[{"id":12398,"href":"https:\/\/www.sienna-im.com\/fr\/wp-json\/wp\/v2\/pages\/762\/revisions\/12398"}],"wp:featuredmedia":[{"embeddable":true,"href":"https:\/\/www.sienna-im.com\/fr\/wp-json\/wp\/v2\/media\/2080"}],"wp:attachment":[{"href":"https:\/\/www.sienna-im.com\/fr\/wp-json\/wp\/v2\/media?parent=762"}],"curies":[{"name":"wp","href":"https:\/\/api.w.org\/{rel}","templated":true}]}}