{"id":766,"date":"2022-06-30T12:21:04","date_gmt":"2022-06-30T12:21:04","guid":{"rendered":"https:\/\/www.sienna-im.com\/talents\/"},"modified":"2026-01-23T14:29:21","modified_gmt":"2026-01-23T14:29:21","slug":"nous-rejoindre","status":"publish","type":"page","link":"https:\/\/www.sienna-im.com\/fr\/nous-rejoindre\/","title":{"rendered":"Rejoindre Sienna Investment Managers"},"content":{"rendered":"<p class=\"intro\">C\u2019est int\u00e9grer une entreprise qui accorde une attention toute particuli\u00e8re aux qualit\u00e9s et valeurs humaines. Nous encourageons la transparence, l\u2019authenticit\u00e9 et l\u2019efficacit\u00e9.<\/p>\n","protected":false},"excerpt":{"rendered":"<p>C\u2019est int\u00e9grer une entreprise qui accorde une attention toute particuli\u00e8re aux qualit\u00e9s et valeurs humaines. Nous encourageons la transparence, l\u2019authenticit\u00e9 [&hellip;]<\/p>\n","protected":false},"author":1,"featured_media":2434,"parent":0,"menu_order":0,"comment_status":"closed","ping_status":"closed","template":"","meta":{"_acf_changed":false,"footnotes":""},"class_list":["post-766","page","type-page","status-publish","has-post-thumbnail","hentry"],"acf":[],"_links":{"self":[{"href":"https:\/\/www.sienna-im.com\/fr\/wp-json\/wp\/v2\/pages\/766","targetHints":{"allow":["GET"]}}],"collection":[{"href":"https:\/\/www.sienna-im.com\/fr\/wp-json\/wp\/v2\/pages"}],"about":[{"href":"https:\/\/www.sienna-im.com\/fr\/wp-json\/wp\/v2\/types\/page"}],"author":[{"embeddable":true,"href":"https:\/\/www.sienna-im.com\/fr\/wp-json\/wp\/v2\/users\/1"}],"replies":[{"embeddable":true,"href":"https:\/\/www.sienna-im.com\/fr\/wp-json\/wp\/v2\/comments?post=766"}],"version-history":[{"count":5,"href":"https:\/\/www.sienna-im.com\/fr\/wp-json\/wp\/v2\/pages\/766\/revisions"}],"predecessor-version":[{"id":7871,"href":"https:\/\/www.sienna-im.com\/fr\/wp-json\/wp\/v2\/pages\/766\/revisions\/7871"}],"wp:featuredmedia":[{"embeddable":true,"href":"https:\/\/www.sienna-im.com\/fr\/wp-json\/wp\/v2\/media\/2434"}],"wp:attachment":[{"href":"https:\/\/www.sienna-im.com\/fr\/wp-json\/wp\/v2\/media?parent=766"}],"curies":[{"name":"wp","href":"https:\/\/api.w.org\/{rel}","templated":true}]}}