{"id":9461,"date":"2022-06-30T12:18:58","date_gmt":"2022-06-30T12:18:58","guid":{"rendered":"https:\/\/www.sienna-im.com\/?page_id=9461"},"modified":"2026-04-08T10:03:59","modified_gmt":"2026-04-08T10:03:59","slug":"a-propos","status":"publish","type":"page","link":"https:\/\/www.sienna-im.com\/fr\/a-propos\/","title":{"rendered":"Groupe Sienna IM"},"content":{"rendered":"<h2>Qui sommes-nous ?<\/h2>\n<p class=\"intro\">Sienna Investment Managers est un g\u00e9rant d\u2019actifs multi-expertises combinant actifs cot\u00e9s et priv\u00e9s. Sienna IM d\u00e9veloppe pour ses clients des solutions personnalis\u00e9es et innovantes, pour donner du sens \u00e0 leurs investissements.<\/p>\n<h2>Notre raison d&rsquo;\u00eatre<\/h2>\n<p>Sienna Investment Managers ambitionne de remettre en question le statu quo et changer les mentalit\u00e9s en mati\u00e8re d&rsquo;investissement ; avec la conviction profonde que les investissements d&rsquo;aujourd&rsquo;hui fa\u00e7onnent les communaut\u00e9s de demain. Nous regardons la performance, et nous nous engageons dans des investissements \u00e0 impact positif. Dans l&rsquo;environnement actuel, les investisseurs ont besoin non seulement d&rsquo;efficacit\u00e9, mais aussi de gestionnaires d&rsquo;actifs engag\u00e9s, capables d&rsquo;anticiper, d&rsquo;analyser et de g\u00e9rer les risques avec temp\u00e9rance et agilit\u00e9.<\/p>\n<p>Les \u00e9quipes de Sienna Investment Managers mettent toute leur exp\u00e9rience et leur connaissance des march\u00e9s alternatifs au service de leurs clients.<\/p>\n","protected":false},"excerpt":{"rendered":"<p>Qui sommes-nous ? Sienna Investment Managers est un g\u00e9rant d\u2019actifs multi-expertises combinant actifs cot\u00e9s et priv\u00e9s. Sienna IM d\u00e9veloppe pour [&hellip;]<\/p>\n","protected":false},"author":2,"featured_media":2080,"parent":0,"menu_order":0,"comment_status":"closed","ping_status":"closed","template":"","meta":{"_acf_changed":false,"footnotes":""},"class_list":["post-9461","page","type-page","status-publish","has-post-thumbnail","hentry"],"acf":[],"_links":{"self":[{"href":"https:\/\/www.sienna-im.com\/fr\/wp-json\/wp\/v2\/pages\/9461","targetHints":{"allow":["GET"]}}],"collection":[{"href":"https:\/\/www.sienna-im.com\/fr\/wp-json\/wp\/v2\/pages"}],"about":[{"href":"https:\/\/www.sienna-im.com\/fr\/wp-json\/wp\/v2\/types\/page"}],"author":[{"embeddable":true,"href":"https:\/\/www.sienna-im.com\/fr\/wp-json\/wp\/v2\/users\/2"}],"replies":[{"embeddable":true,"href":"https:\/\/www.sienna-im.com\/fr\/wp-json\/wp\/v2\/comments?post=9461"}],"version-history":[{"count":11,"href":"https:\/\/www.sienna-im.com\/fr\/wp-json\/wp\/v2\/pages\/9461\/revisions"}],"predecessor-version":[{"id":16701,"href":"https:\/\/www.sienna-im.com\/fr\/wp-json\/wp\/v2\/pages\/9461\/revisions\/16701"}],"wp:featuredmedia":[{"embeddable":true,"href":"https:\/\/www.sienna-im.com\/fr\/wp-json\/wp\/v2\/media\/2080"}],"wp:attachment":[{"href":"https:\/\/www.sienna-im.com\/fr\/wp-json\/wp\/v2\/media?parent=9461"}],"curies":[{"name":"wp","href":"https:\/\/api.w.org\/{rel}","templated":true}]}}