{"id":9502,"date":"2022-06-30T12:20:05","date_gmt":"2022-06-30T12:20:05","guid":{"rendered":"https:\/\/www.sienna-im.com\/?page_id=9502"},"modified":"2026-04-29T07:47:42","modified_gmt":"2026-04-29T07:47:42","slug":"nos-expertises","status":"publish","type":"page","link":"https:\/\/www.sienna-im.com\/fr\/nos-expertises\/","title":{"rendered":"Nos expertises"},"content":{"rendered":"<p>Sienna Investment Managers est aujourd&rsquo;hui structur\u00e9e autour de trois expertises : Debt Priv\u00e9e, Actifs Cot\u00e9s et Actifs Hybrides.<\/p>\n<p>&nbsp;<\/p>\n","protected":false},"excerpt":{"rendered":"<p>Sienna Investment Managers est aujourd&rsquo;hui structur\u00e9e autour de trois expertises : Debt Priv\u00e9e, Actifs Cot\u00e9s et Actifs Hybrides. &nbsp;<\/p>\n","protected":false},"author":2,"featured_media":2045,"parent":0,"menu_order":0,"comment_status":"closed","ping_status":"closed","template":"template-page\/all-services.php","meta":{"_acf_changed":false,"footnotes":""},"class_list":["post-9502","page","type-page","status-publish","has-post-thumbnail","hentry"],"acf":[],"_links":{"self":[{"href":"https:\/\/www.sienna-im.com\/fr\/wp-json\/wp\/v2\/pages\/9502","targetHints":{"allow":["GET"]}}],"collection":[{"href":"https:\/\/www.sienna-im.com\/fr\/wp-json\/wp\/v2\/pages"}],"about":[{"href":"https:\/\/www.sienna-im.com\/fr\/wp-json\/wp\/v2\/types\/page"}],"author":[{"embeddable":true,"href":"https:\/\/www.sienna-im.com\/fr\/wp-json\/wp\/v2\/users\/2"}],"replies":[{"embeddable":true,"href":"https:\/\/www.sienna-im.com\/fr\/wp-json\/wp\/v2\/comments?post=9502"}],"version-history":[{"count":6,"href":"https:\/\/www.sienna-im.com\/fr\/wp-json\/wp\/v2\/pages\/9502\/revisions"}],"predecessor-version":[{"id":16786,"href":"https:\/\/www.sienna-im.com\/fr\/wp-json\/wp\/v2\/pages\/9502\/revisions\/16786"}],"wp:featuredmedia":[{"embeddable":true,"href":"https:\/\/www.sienna-im.com\/fr\/wp-json\/wp\/v2\/media\/2045"}],"wp:attachment":[{"href":"https:\/\/www.sienna-im.com\/fr\/wp-json\/wp\/v2\/media?parent=9502"}],"curies":[{"name":"wp","href":"https:\/\/api.w.org\/{rel}","templated":true}]}}