{"id":11916,"date":"2025-04-08T08:25:31","date_gmt":"2025-04-08T08:25:31","guid":{"rendered":"https:\/\/www.sienna-im.com\/souverainete-defense-strategie\/"},"modified":"2026-02-19T10:25:22","modified_gmt":"2026-02-19T10:25:22","slug":"souverainete-defense-strategie","status":"publish","type":"page","link":"https:\/\/www.sienna-im.com\/it\/souverainete-defense-strategie\/","title":{"rendered":"Garantire il futuro: non c&#8217;\u00e8 sostenibilit\u00e0 senza pace e non c&#8217;\u00e8 pace senza capacit\u00e0 di difesa"},"content":{"rendered":"<p>L&#8217;intensificarsi dei conflitti e delle tensioni geopolitiche alle porte dell&#8217;Unione Europea sta portando ad un aumento significativo delle esigenze militari e della spesa per la difesa. Quasi 1.000 miliardi di euro sono stati annunciati nell&#8217;ambito del piano Rearm Europe per ricostituire uno strumento di difesa all&#8217;altezza delle nuove sfide. Dopo 30 anni di investimenti insufficienti, l&#8217;Europa deve rafforzare la propria autonomia strategica, accelerando la produzione e modernizzando le sue attrezzature. La ricostituzione delle scorte \u00e8 diventata una priorit\u00e0 di fronte all&#8217;aumento degli ordini e alle sfide della frammentazione delle catene di approvvigionamento. Per assicurare la resilienza industriale \u00e8 quindi fondamentale garantire l&#8217;attivit\u00e0 di approvvigionamento e ridurre la dipendenza dalle importazioni<\/p>\n<p>Al tempo stesso, la cooperazione Europea viene rafforzata, con iniziative congiunte come il Fondo Europeo per la Difesa e la Strategia Industriale per la Difesa Europea. Sostenere i subappaltatori dei grandi gruppi industriali dell&#8217;ecosistema della difesa significa garantire la capacit\u00e0 di difesa e la sostenibilit\u00e0 della pace nel continente.<\/p>\n<p><a class=\"btn\" href=\"https:\/\/www.sienna-im.com\/it\/news\/comunicato-stampa\/\">Ulteriori informazioni<\/a><\/p>\n","protected":false},"excerpt":{"rendered":"<p>L&#8217;intensificarsi dei conflitti e delle tensioni geopolitiche alle porte dell&#8217;Unione Europea sta portando ad un aumento significativo delle esigenze militari [&hellip;]<\/p>\n","protected":false},"author":1,"featured_media":11547,"parent":0,"menu_order":0,"comment_status":"closed","ping_status":"closed","template":"","meta":{"_acf_changed":false,"footnotes":""},"class_list":["post-11916","page","type-page","status-publish","has-post-thumbnail","hentry"],"acf":[],"_links":{"self":[{"href":"https:\/\/www.sienna-im.com\/it\/wp-json\/wp\/v2\/pages\/11916","targetHints":{"allow":["GET"]}}],"collection":[{"href":"https:\/\/www.sienna-im.com\/it\/wp-json\/wp\/v2\/pages"}],"about":[{"href":"https:\/\/www.sienna-im.com\/it\/wp-json\/wp\/v2\/types\/page"}],"author":[{"embeddable":true,"href":"https:\/\/www.sienna-im.com\/it\/wp-json\/wp\/v2\/users\/1"}],"replies":[{"embeddable":true,"href":"https:\/\/www.sienna-im.com\/it\/wp-json\/wp\/v2\/comments?post=11916"}],"version-history":[{"count":10,"href":"https:\/\/www.sienna-im.com\/it\/wp-json\/wp\/v2\/pages\/11916\/revisions"}],"predecessor-version":[{"id":16467,"href":"https:\/\/www.sienna-im.com\/it\/wp-json\/wp\/v2\/pages\/11916\/revisions\/16467"}],"wp:featuredmedia":[{"embeddable":true,"href":"https:\/\/www.sienna-im.com\/it\/wp-json\/wp\/v2\/media\/11547"}],"wp:attachment":[{"href":"https:\/\/www.sienna-im.com\/it\/wp-json\/wp\/v2\/media?parent=11916"}],"curies":[{"name":"wp","href":"https:\/\/api.w.org\/{rel}","templated":true}]}}